{"id":7,"date":"2015-06-12T02:47:14","date_gmt":"2015-06-12T00:47:14","guid":{"rendered":"http:\/\/rathje-guitars.de\/rathje-guitars\/?page_id=7"},"modified":"2015-06-12T02:47:14","modified_gmt":"2015-06-12T00:47:14","slug":"impressum","status":"publish","type":"page","link":"http:\/\/the-rathje.com\/guitars\/impressum\/","title":{"rendered":"Impressum"},"content":{"rendered":"<p>F\u00fcr:Rathje-Guitars.de<br \/>\nGem\u00e4\u00df \u00a7 28 BDSG widerspreche ich jeder kommerziellen Verwendung und Weitergabe meiner Daten.<\/p>\n<p>Verantwortungsbereich : Das Impressum gilt nur f\u00fcr die Internetpr\u00e4senz unter der Adresse: http:\/\/www.rathje-guitars.de<\/p>\n<p>Abgrenzung: Die Web-Pr\u00e4senz ist Teil des WWW und dementsprechend mit fremden, sich jederzeit wandeln k\u00f6nnenden Web-Sites verkn\u00fcpft, die folglich auch nicht diesem Verantwortungsbereich unterliegen und f\u00fcr die nachfolgende Informationen nicht gelten. Dass die Links weder gegen Sitten noch Gesetze versto\u00dfen, wurde genau ein mal gepr\u00fcft: bevor sie hier aufgenommen wurden. Solche Links, die zu fremden Webprojekten f\u00fchren, erkennen Sie daran: Neues Browserfenster<\/p>\n<p>Verantwortliche Ansprechperson : Matthias Rathje<\/p>\n<p>Anschrift : Im H\u00f6gis 2, 72664 Kohlberg<\/p>\n<p>elektronische Postadresse : matt(at)rathje-guitars.de<\/p>\n<p>Zweck dieses Webprojektes: Promotion<\/p>\n<p>Journalistisch-redaktionelle Verantwortung : Matthias Rathje,<\/p>\n<p>Urheberschutz und Nutzung<br \/>\nDer Urheber r\u00e4umt Ihnen ganz konkret das Nutzungsrecht ein, sich eine private Kopie f\u00fcr pers\u00f6nliche Zwecke anzufertigen. Nicht berechtigt sind Sie dagegen, die Materialien zu ver\u00e4ndern und \/oder weiter zu geben oder gar selbst zu ver\u00f6ffentlichen.<br \/>\nWenn nicht ausdr\u00fccklich anders vermerkt, liegen die Urheberrechte f\u00fcr Texte bei: Matthias Rathje<\/p>\n<p>Die meisten Illustrationen unterliegen den Urheberrechten von: Matthias Rathje<\/p>\n<p>Datenschutz Personenbezogene Daten werden nur mit Ihrem Wissen und Ihrer Einwilligung erhoben. Auf Antrag erhalten Sie unentgeltlich Auskunft zu den \u00fcber Sie gespeicherten personenbezogenen Daten. Wenden Sie sich dazu bitte an: Matthias Rathje, matt(at)rathje-guitars.de<\/p>\n<p>Keine Haftung : Die Inhalte dieses Webprojektes wurden sorgf\u00e4ltig gepr\u00fcft und nach bestem Wissen erstellt. Aber f\u00fcr die hier dargebotenen Informationen wird kein Anspruch auf Vollst\u00e4ndigkeit, Aktualit\u00e4t, Qualit\u00e4t und Richtigkeit erhoben. Es kann keine Verantwortung f\u00fcr Sch\u00e4den \u00fcbernommen werden, die durch das Vertrauen auf die Inhalte dieser Website oder deren Gebrauch entstehen.<\/p>\n<p>Schutzrechtsverletzung : Falls Sie vermuten, dass von dieser Website aus eines Ihrer Schutzrechte verletzt wird, teilen Sie das bitte umgehend per elektronischer Post mit, damit z\u00fcgig Abhilfe geschafft werden kann. Bitte nehmen Sie zur Kenntnis: Die zeitaufw\u00e4ndigere Einschaltung eines Anwaltes zur f\u00fcr den Diensteanbieter kostenpflichtigen Abmahnung entspricht nicht dessen wirklichen oder mutma\u00dflichen Willen.<\/p>","protected":false},"excerpt":{"rendered":"<div class=\"entry-summary\">\nF\u00fcr:Rathje-Guitars.de Gem\u00e4\u00df \u00a7 28 BDSG widerspreche ich jeder kommerziellen Verwendung und Weitergabe meiner Daten. Verantwortungsbereich : Das Impressum gilt nur&hellip;\n<\/div>\n<div class=\"link-more\"><a href=\"http:\/\/the-rathje.com\/guitars\/impressum\/\" class=\"more-link\">Continue reading<span class=\"screen-reader-text\"> &ldquo;Impressum&rdquo;<\/span>&hellip;<\/a><\/div>\n","protected":false},"author":1,"featured_media":0,"parent":0,"menu_order":0,"comment_status":"open","ping_status":"open","template":"","meta":{"ngg_post_thumbnail":0,"footnotes":""},"class_list":["post-7","page","type-page","status-publish","hentry","entry"],"_links":{"self":[{"href":"http:\/\/the-rathje.com\/guitars\/wp-json\/wp\/v2\/pages\/7","targetHints":{"allow":["GET"]}}],"collection":[{"href":"http:\/\/the-rathje.com\/guitars\/wp-json\/wp\/v2\/pages"}],"about":[{"href":"http:\/\/the-rathje.com\/guitars\/wp-json\/wp\/v2\/types\/page"}],"author":[{"embeddable":true,"href":"http:\/\/the-rathje.com\/guitars\/wp-json\/wp\/v2\/users\/1"}],"replies":[{"embeddable":true,"href":"http:\/\/the-rathje.com\/guitars\/wp-json\/wp\/v2\/comments?post=7"}],"version-history":[{"count":1,"href":"http:\/\/the-rathje.com\/guitars\/wp-json\/wp\/v2\/pages\/7\/revisions"}],"predecessor-version":[{"id":8,"href":"http:\/\/the-rathje.com\/guitars\/wp-json\/wp\/v2\/pages\/7\/revisions\/8"}],"wp:attachment":[{"href":"http:\/\/the-rathje.com\/guitars\/wp-json\/wp\/v2\/media?parent=7"}],"curies":[{"name":"wp","href":"https:\/\/api.w.org\/{rel}","templated":true}]}}